{"id":49,"date":"2024-07-12T16:41:12","date_gmt":"2024-07-12T16:41:12","guid":{"rendered":"https:\/\/munnickenveld.nl\/?page_id=49"},"modified":"2024-08-15T12:55:14","modified_gmt":"2024-08-15T12:55:14","slug":"49-2","status":"publish","type":"page","link":"https:\/\/munnickenveld.nl\/index.php\/49-2\/","title":{"rendered":"Jan Vriend"},"content":{"rendered":"\n<p>Jan Vriend is als verslaggever verbonden aan de weekendbijlagen van het&nbsp;Haarlems Dagblad, het Noordhollands Dagblad, het Leidsch Dagblad en de Gooi-en Eemlander.&nbsp;Hij maakte indringende reportages over de legionellaramp in Bovenkarspel en de nieuwjaarsbrand in Volendam en&nbsp;deed vanuit New York&nbsp;verslag&nbsp;over de gevolgen voor gewone mensen na de aanslagen op het WTC.&nbsp;Voor de persoonlijke&nbsp;aanpak van zijn interviews en zijn toegankelijke schrijfstijl werd hij door de Nederlandse Vereniging van Journalisten onderscheiden met de Zilveren Cicerolat. Eerder schreef hij onder de titel \u201cHelp ik word miljonair\u201d een boek met portretten van winnaars van de Postcode Loterij. Ook verscheen van zijn hand&nbsp;het boek \u201dZappen met mezelf\u201d&nbsp;over de hoogte- en dieptepunten uit de showbizzloopbaan&nbsp;van Henny Huisman. <br><br>In het voorjaar van 2024 verscheen zijn boek &#8216;\u00c1lles over Andr\u00e9&#8217; waarvoor hij de herinneringen van Andr\u00e9 van Duin noteerde. Hierin belicht de presentator het geheim van zestig jaar in de showbizz en vertelt Andr\u00e9 over zijn leven in en naast de schijnwerpers.<\/p>\n\n\n\n<p>Website van Jan Vriend: <a href=\"https:\/\/www.janvriend.com\/\" target=\"_blank\" rel=\"noreferrer noopener\">www.janvriend.com<\/a><br><\/p>\n\n\n\n<h1 style=\"font-size: 34px;\">Titels<\/h1>\n\n\n\n<figure class=\"wp-block-image alignright size-full is-resized\"><a href=\"https:\/\/munnickenveld.nl\/wp-content\/uploads\/2024\/08\/jv_allesandre3.jpg\"><img loading=\"lazy\" decoding=\"async\" width=\"700\" height=\"1050\" src=\"https:\/\/munnickenveld.nl\/wp-content\/uploads\/2024\/08\/jv_allesandre3.jpg\" alt=\"\" class=\"wp-image-1309\" style=\"width:200px\" srcset=\"https:\/\/munnickenveld.nl\/wp-content\/uploads\/2024\/08\/jv_allesandre3.jpg 700w, https:\/\/munnickenveld.nl\/wp-content\/uploads\/2024\/08\/jv_allesandre3-200x300.jpg 200w, https:\/\/munnickenveld.nl\/wp-content\/uploads\/2024\/08\/jv_allesandre3-683x1024.jpg 683w\" sizes=\"auto, (max-width: 700px) 100vw, 700px\" \/><\/a><\/figure>\n\n\n\n<p><strong>Alles over Andr\u00e9<\/strong><br><em>60 jaar in de schijnwerpers in 1001 fragmenten, feiten en anekdotes<\/em><br>Andr\u00e9 van Duin staat in het voorjaar van 2024 maar liefst zestig jaar in de schijnwerpers. Alle reden om samen met Nederlands grootste komiek terug te blikken op zijn indrukwekkende leven en loopbaan. In de biografische schets \u2018Alles over Andr\u00e9\u2019 belicht hij zijn 1001 aspecten van zijn gouden carri\u00e8re: een loopbaan waarin hij eerst als komiek een miljoenenpubliek liet schaterlachen om het vervolgens tot tranen toe te ontroeren als serieus acteur en als spreker bij de Dodenherdenking. Inmiddels laat hij zich w\u00e9\u00e9r van een nieuwe kant zien als presentator van \u2018Heel Holland Bakt\u2019 en andere succesvolle programma\u2019s bij Omroep MAX, zoals de veel bekeken serie rond Hendrik Groen. Alle aspecten van Nederlands meest geliefde artiest komen in dit boek aan bod. Denk aan verrassende invalshoeken als zijn populaire carnavalsliedjes, terwijl hij niet van carnaval houdt en zijn succes met een bakprogramma terwijl hij zelf geen taartliefhebber is. Ook vertelt Andr\u00e9 over zijn mislukte emigratie, de verwijdering van zijn familie en waarom pogingen om hem als artiest in het buitenland te lanceren op niets uitliepen. Openhartig vertelt hij over zijn bewogen leven buiten de schijnwerpers. Hij overleefde twee partners en vond als 75-jarige opnieuw geluk in de liefde. De \u20181001 aspecten\u2019 vormen samen een imponerend overzicht van al zijn activiteiten, die door de lezer louter met een diepe buiging beantwoord kunnen worden. Een heerlijk leesbaar boek met korte en langere fragmenten, feiten en anekdotes en de opmaat naar het komende 60-jarige lustrum van zijn imposante, afwisselende maar immer succesvolle carri\u00e8re. \u2018Alles over Andr\u00e9\u2019 is een mooi en eerlijk overzicht, met liefde mede door Andr\u00e9 zelf samengesteld. Schrijver Jan Vriend volgt Andr\u00e9 van Duin al ruim dertig jaar, sprak uren met hem en zijn collega\u2019s. Het resultaat is een toegankelijk geschreven blik op het leven van een geliefde tv-persoonlijkheid, waarin de hoofdpersoon zich op alle fronten in zijn ziel laat kijken, als artiest en mens.<br><em>2024 \u2013 240 pagina\u2019s<\/em><\/p>\n\n\n\n<hr class=\"wp-block-separator has-alpha-channel-opacity is-style-wide\"\/>\n\n\n\n<figure class=\"wp-block-image alignright size-large is-resized\"><a href=\"https:\/\/munnickenveld.nl\/wp-content\/uploads\/2024\/08\/jv_sonneveld2.jpg\"><img loading=\"lazy\" decoding=\"async\" width=\"646\" height=\"1024\" src=\"https:\/\/munnickenveld.nl\/wp-content\/uploads\/2024\/08\/jv_sonneveld2-646x1024.jpg\" alt=\"\" class=\"wp-image-1311\" style=\"width:200px\" srcset=\"https:\/\/munnickenveld.nl\/wp-content\/uploads\/2024\/08\/jv_sonneveld2-646x1024.jpg 646w, https:\/\/munnickenveld.nl\/wp-content\/uploads\/2024\/08\/jv_sonneveld2-189x300.jpg 189w, https:\/\/munnickenveld.nl\/wp-content\/uploads\/2024\/08\/jv_sonneveld2.jpg 662w\" sizes=\"auto, (max-width: 646px) 100vw, 646px\" \/><\/a><\/figure>\n\n\n\n<p><strong>Wim Sonneveld<\/strong><br><em>Van klooster tot het dorp<\/em><br>Met zijn klassieker \u2019Het dorp\u2019 vangt Wim Sonneveld nostalgie in woorden. Het liedje maakt het verlangen naar vroeger z\u00f3 herkenbaar dat het intussen deel uitmaakt van de identiteit van ons land. Dit boek volgt het spoor naar de bron van \u2018Het dorp\u2019. De lezer lift mee met Wim Sonneveld langs Franse kloosters, waar hij verknocht raakte aan Frankrijk. Juist daar ontstond de melodie van zijn bekendste liedje. Precies 75 jaar nadat Wim Sonneveld werd gedoopt in de abdij van Solesmes, gaat auteur Jan Vriend terug naar dat Franse klooster. Daar vindt hij de naam van Wim Sonneveld in het doopregister. Stap voor stap neemt hij de lezer daarna mee op het indrukwekkende levenspad van Wim Sonneveld. Wandel mee over \u2018Tuinpad van mijn vader\u2019 (ja, dat bestaat \u00e9cht), loop over de Wim Sonneveldbrug, neem een kijkje bij andere verbazingwekkende Sonneveld-herinneringsplekken en geniet van eigentijds theatertalent in de Wim Sonneveld-zaal. Andr\u00e9 van Duin, Joop van den Ende, Karin Bloemen, Albert Verlinde en anderen vertellen over de erfenis van Wim Sonneveld voor het amusement van nu.<br><em>2021 \u2013 104 pagina\u2019s<\/em><\/p>\n\n\n\n<hr class=\"wp-block-separator has-alpha-channel-opacity is-style-wide\"\/>\n\n\n\n<figure class=\"wp-block-image alignright size-large is-resized\"><a href=\"https:\/\/munnickenveld.nl\/wp-content\/uploads\/2024\/08\/jv_alexsijm22.jpg\"><img loading=\"lazy\" decoding=\"async\" width=\"681\" height=\"1024\" src=\"https:\/\/munnickenveld.nl\/wp-content\/uploads\/2024\/08\/jv_alexsijm22-681x1024.jpg\" alt=\"\" class=\"wp-image-1313\" style=\"width:200px\" srcset=\"https:\/\/munnickenveld.nl\/wp-content\/uploads\/2024\/08\/jv_alexsijm22-681x1024.jpg 681w, https:\/\/munnickenveld.nl\/wp-content\/uploads\/2024\/08\/jv_alexsijm22-199x300.jpg 199w, https:\/\/munnickenveld.nl\/wp-content\/uploads\/2024\/08\/jv_alexsijm22.jpg 698w\" sizes=\"auto, (max-width: 681px) 100vw, 681px\" \/><\/a><\/figure>\n\n\n\n<p><strong>Alex Sijm<\/strong><br><em>Zijn leven, z&#8217;n lopen, z&#8217;n lef<\/em><br>Van jongs af aan had Alex Sijm een jongensdroom: circusdirecteur worden. Maar hoe doe je dat met dyslexie en loopproblemen als gevolg van een spasme? Zijn droom bood ook nog eens weinig garantie op een winstgevende onderneming. Maar Alex zei altijd: \u2018Kan niet bestaat niet.\u2019 En hoewel niet iedereen er vertrouwen in had, hield hij vol en kwam zijn droom uit.<br><em>2021<\/em><br><br><br><\/p>\n\n\n\n<hr class=\"wp-block-separator has-alpha-channel-opacity is-style-wide\"\/>\n\n\n\n<figure class=\"wp-block-image alignright size-large is-resized\"><a href=\"https:\/\/munnickenveld.nl\/wp-content\/uploads\/2024\/08\/jv_lateroeping.jpg\"><img loading=\"lazy\" decoding=\"async\" width=\"983\" height=\"1024\" src=\"https:\/\/munnickenveld.nl\/wp-content\/uploads\/2024\/08\/jv_lateroeping-983x1024.jpg\" alt=\"\" class=\"wp-image-1320\" style=\"width:200px\" srcset=\"https:\/\/munnickenveld.nl\/wp-content\/uploads\/2024\/08\/jv_lateroeping-983x1024.jpg 983w, https:\/\/munnickenveld.nl\/wp-content\/uploads\/2024\/08\/jv_lateroeping-288x300.jpg 288w, https:\/\/munnickenveld.nl\/wp-content\/uploads\/2024\/08\/jv_lateroeping-768x800.jpg 768w, https:\/\/munnickenveld.nl\/wp-content\/uploads\/2024\/08\/jv_lateroeping.jpg 1008w\" sizes=\"auto, (max-width: 983px) 100vw, 983px\" \/><\/a><\/figure>\n\n\n\n<p><strong>Late roeping<\/strong><br>Pastoor Jan Berkhout is een van de bekendste priesters van ons land. Zijn betrokkenheid bij de slachtoffers van de brand in Volendam, maakte hem tot het gezicht van pastorale zorg. Ter gelegenheid van zijn veertigjarig priesterjubileum in 2013 schreef Jan Vriend het boek \u2019Late roeping\u2019 over het leven en de loopbaan van Jan Berkhout. In het boek vertellen Volendammers, tv-makers, kerkgangers, collega\u2019s, familieleden en de hoofdpersoon zelf over de herder op en naast het altaar. In levendige verhalen komt aan bod hoe zijn passie voor mensen hem soms in conflict brengt met de regels van Rome. Met bewondering en humor geven de betrokkenen een kijk op de mens Jan Berkhout die als zoon van een tabakswinkelier voor de kerk koos. Een leven tussen sigarenrook en wierook.<br><em>2013<\/em><\/p>\n\n\n\n<hr class=\"wp-block-separator has-alpha-channel-opacity is-style-wide\"\/>\n\n\n\n<figure class=\"wp-block-image alignright size-full is-resized\"><a href=\"https:\/\/munnickenveld.nl\/wp-content\/uploads\/2024\/08\/jv_tolroem3.jpg\"><img loading=\"lazy\" decoding=\"async\" width=\"682\" height=\"1050\" src=\"https:\/\/munnickenveld.nl\/wp-content\/uploads\/2024\/08\/jv_tolroem3.jpg\" alt=\"\" class=\"wp-image-1328\" style=\"width:200px\" srcset=\"https:\/\/munnickenveld.nl\/wp-content\/uploads\/2024\/08\/jv_tolroem3.jpg 682w, https:\/\/munnickenveld.nl\/wp-content\/uploads\/2024\/08\/jv_tolroem3-195x300.jpg 195w, https:\/\/munnickenveld.nl\/wp-content\/uploads\/2024\/08\/jv_tolroem3-665x1024.jpg 665w\" sizes=\"auto, (max-width: 682px) 100vw, 682px\" \/><\/a><\/figure>\n\n\n\n<p><strong>De tol van de roem<\/strong><br><em>Dubbelboek &#8211; Over de schaduwkant van het succes<\/em><br>Applaus en aandacht werken verslavend. Maar er is een keerzijde aan &#8216;beroemd zijn&#8217; \u2026<br><\/p>\n\n\n\n<p>Er is altijd een achterkant van de medaille. Je betaalt altijd een prijs voor succes. Dat vertellen bekende Nederlanders in dit nieuwste boek van Jan Vriend. Zoals Jan Smit, die met Yolanthe Cabeau van Casbergen h\u00e9t showbizzkoppel van Nederland vormde, maar zijn grote liefde niet kon behouden. Of Sonja Bakker. Ze liet heel Nederland afvallen, maar moet nog altijd in de verdediging om zich te verweren tegen aantijgingen over plagiaat en &#8216;crashdi\u00ebten&#8217;. Wibi Soerjadi streeft naar perfectie, maar zag zijn relatie stranden en verloor bijna zijn gezondheid. Gerard Joling staat op de top van zijn roem: hij baalt niet van de aandacht die hij krijgt, maar wel van het feit dat hij het maar zelden kan geven.<\/p>\n\n\n\n<p>Zo spraken veel meer BN&#8217;ers met de auteur over de tol die ze moesten betalen voor de roem. Want het is allemaal nooit zo mooi als het lijkt\u2026<br><em>2010 \u2013 189 pagina\u2019s<\/em><\/p>\n\n\n\n<hr class=\"wp-block-separator has-alpha-channel-opacity is-style-wide\"\/>\n\n\n\n<figure class=\"wp-block-image alignright size-full is-resized\"><a href=\"https:\/\/munnickenveld.nl\/wp-content\/uploads\/2024\/08\/jv_groetenuithemel2.jpg\"><img loading=\"lazy\" decoding=\"async\" width=\"790\" height=\"1050\" src=\"https:\/\/munnickenveld.nl\/wp-content\/uploads\/2024\/08\/jv_groetenuithemel2.jpg\" alt=\"\" class=\"wp-image-1330\" style=\"width:200px\" srcset=\"https:\/\/munnickenveld.nl\/wp-content\/uploads\/2024\/08\/jv_groetenuithemel2.jpg 790w, https:\/\/munnickenveld.nl\/wp-content\/uploads\/2024\/08\/jv_groetenuithemel2-226x300.jpg 226w, https:\/\/munnickenveld.nl\/wp-content\/uploads\/2024\/08\/jv_groetenuithemel2-770x1024.jpg 770w, https:\/\/munnickenveld.nl\/wp-content\/uploads\/2024\/08\/jv_groetenuithemel2-768x1021.jpg 768w\" sizes=\"auto, (max-width: 790px) 100vw, 790px\" \/><\/a><\/figure>\n\n\n\n<p><strong>Groeten uit de hemel<\/strong><br><em>Zonen en dochters over het afscheid van beroemde ouders (en daarna) Youp, Filemon en anderen over hun laatste avondmaal<\/em><br>In dit boek vertellen kinderen van Andr\u00e9 Hazes, Toon Hermans, Herman Brood, Annie M.G. Schmidt, Willem Ruis, Frans Halsema, Rudi Carrell, Tom Manders, Gerrie Knetemann, Theo Koomen, Joop Doderer en Ko van Dijk over hun vader en moeder. Het zijn herinneringen aan hun leven \u00e9n het verhaal hoe het verder ging, na hun dood. Waarbij opvalt dat de band met de overledenen onverminderd sterk blijft.<br><em>2010 \u2013 128 pagina\u2019s<\/em><\/p>\n\n\n\n<hr class=\"wp-block-separator has-alpha-channel-opacity is-style-wide\"\/>\n\n\n\n<figure class=\"wp-block-image alignright size-full is-resized\"><a href=\"https:\/\/munnickenveld.nl\/wp-content\/uploads\/2024\/08\/jv_wateengeluk3.jpg\"><img loading=\"lazy\" decoding=\"async\" width=\"758\" height=\"1050\" src=\"https:\/\/munnickenveld.nl\/wp-content\/uploads\/2024\/08\/jv_wateengeluk3.jpg\" alt=\"\" class=\"wp-image-1315\" style=\"width:200px\" srcset=\"https:\/\/munnickenveld.nl\/wp-content\/uploads\/2024\/08\/jv_wateengeluk3.jpg 758w, https:\/\/munnickenveld.nl\/wp-content\/uploads\/2024\/08\/jv_wateengeluk3-217x300.jpg 217w, https:\/\/munnickenveld.nl\/wp-content\/uploads\/2024\/08\/jv_wateengeluk3-739x1024.jpg 739w\" sizes=\"auto, (max-width: 758px) 100vw, 758px\" \/><\/a><\/figure>\n\n\n\n<p><strong>Wat een geluk<\/strong><br><em>Van geluk hebben naar gelukkig zijn<\/em><br>Wat is geluk? En moet je eigenlijk wel proberen gelukkig te worden? Vragen die de mensen al een eeuwigheid bezig houden, worden nu gesteld en beantwoord door succesauteur Jan Vriend. De auteur sprak met professor Ruut Veenhoven, verbonden als hoogleraar sociologie aan universiteiten in Rotterdam en Utrecht. Hij doet al sinds 1970 onderzoek naar geluk en geluksgevoel. Kern van zijn aanpak is om wereldwijd de vraag te stellen of iemand zich gelukkig voelt. En dan in kaart te brengen wat dat geluk veroorzaakt. En zo herkende Vriend het verschil tussen geluk hebben en je gelukkig voelen. Geluk in de vorm van mazzel dat wezenlijk anders is dan gelukkig zijn op langere termijn. Maar beide kunnen in elkaars verlengde liggen. Met portretten van winnaars van de Postcodeloterij die mazzel hebben omgezet in blijvend geluk waar ze levensvreugde uit halen. Met vijftien portretten van Afrikanen die praten over de bron van hun levensgeluk. Ze wonen allemaal in een gebied dat steun kreeg van de Postcodeloterij. Beau van Erven Doorens vertelt over de geluksfactor bij &#8220;Deal or no deal&#8221;. Anderen praten over het grootste geluk van hun leven. En uiteraard met de tien praktische tips van professor Ruut Veenhoven om gelukkig te worden. Met leeslint en een gelukspoppetje uit Guatemala. Jan Vriend publiceerde eerder Zappen met mezelf over Henny Huisman; Uit het dal; Help, ik word miljonair en het boek Kansen en kanjers.<br><em>2008 \u2013 162 pagina\u2019s<\/em><\/p>\n\n\n\n<hr class=\"wp-block-separator has-alpha-channel-opacity is-style-wide\"\/>\n\n\n\n<figure class=\"wp-block-image alignright size-full is-resized\"><a href=\"https:\/\/munnickenveld.nl\/wp-content\/uploads\/2024\/08\/jv_kansenkanjers2.jpg\"><img loading=\"lazy\" decoding=\"async\" width=\"776\" height=\"1050\" src=\"https:\/\/munnickenveld.nl\/wp-content\/uploads\/2024\/08\/jv_kansenkanjers2.jpg\" alt=\"\" class=\"wp-image-1332\" style=\"width:200px\" srcset=\"https:\/\/munnickenveld.nl\/wp-content\/uploads\/2024\/08\/jv_kansenkanjers2.jpg 776w, https:\/\/munnickenveld.nl\/wp-content\/uploads\/2024\/08\/jv_kansenkanjers2-222x300.jpg 222w, https:\/\/munnickenveld.nl\/wp-content\/uploads\/2024\/08\/jv_kansenkanjers2-757x1024.jpg 757w, https:\/\/munnickenveld.nl\/wp-content\/uploads\/2024\/08\/jv_kansenkanjers2-768x1039.jpg 768w\" sizes=\"auto, (max-width: 776px) 100vw, 776px\" \/><\/a><\/figure>\n\n\n\n<p><strong>Kansen en Kanjers<br><\/strong><em>Hoe de Postcode Loterij wereldwijd levens verandert<br><\/em>De Postcodeloterij zorgt ervoor dat eenvoudige Nederlanders plotsklaps miljonair worden. Dat betekent vaak dat iemands leven compleet verandert. Jan Vriend sprak met deze miljoenenjagers over wat er veranderde na het winnen van de hoofdprijs. Maar hij sprak ook met de bekende Nederlanders die de ambassadeurs van de Postcodeloterij vormen. En zo komt de auteur ook uit bij de 52 goededoelenorganisaties die zoveel goed werk doen met het vele geld dat de loterij oplevert. Een boek over een success story, maar ook over wat de miljoenenkracht voor spectaculaire verandering teweeg bracht!<br><br>De Nationale Postcode Loterij is in 1989 opgericht om organisaties te steunen die werken aan een rechtvaardige en groene wereld. Vijftig procent van de totale inleg van de Nationale Postcode Loterij is bestemd voor het goede doel. Inmiddels is de Postcode Loterij uitgegroeid tot de grootste goededoelenloterij van Nederland en steunt zij 52 organisaties. Sinds haar oprichting heeft de loterij ruim 2 miljard euro aan die organisaties uitgekeerd.<br><em>2007 \u2013 176 pagina\u2019s<\/em><\/p>\n\n\n\n<hr class=\"wp-block-separator has-alpha-channel-opacity is-style-wide\"\/>\n\n\n\n<figure class=\"wp-block-image alignright size-full is-resized\"><a href=\"https:\/\/munnickenveld.nl\/wp-content\/uploads\/2024\/08\/jv_uithetdal2.jpg\"><img loading=\"lazy\" decoding=\"async\" width=\"662\" height=\"1050\" src=\"https:\/\/munnickenveld.nl\/wp-content\/uploads\/2024\/08\/jv_uithetdal2.jpg\" alt=\"\" class=\"wp-image-1334\" style=\"width:200px\" srcset=\"https:\/\/munnickenveld.nl\/wp-content\/uploads\/2024\/08\/jv_uithetdal2.jpg 662w, https:\/\/munnickenveld.nl\/wp-content\/uploads\/2024\/08\/jv_uithetdal2-189x300.jpg 189w, https:\/\/munnickenveld.nl\/wp-content\/uploads\/2024\/08\/jv_uithetdal2-646x1024.jpg 646w\" sizes=\"auto, (max-width: 662px) 100vw, 662px\" \/><\/a><\/figure>\n\n\n\n<p><strong>Uit het dal<br><\/strong><em>Hoe bekende nederlanders de grootste tegensla in hun leven te boven kwamen<\/em><br>Op de dingen die je overkomen heb je geen invloed. Op de manier waarop je ermee omgaat wel. Hoe moet je verder als rouw, verdriet, ziekte of zakelijke tegenslag op je pad komt? In \u2018Uit het dal\u2019 vertellen Karin Bloemen, Willeke Alberti, Bram Peper, Leontien van Moorsel, Xandra Brood, Henny Huisman, Sylvana Simons, Jos Brink en anderen openhartig over de grootste tegenslagen in hun leven. En vooral: hoe ze die klap te boven kwamen. Het resultaat is een optelsom van menselijke verhalen over verliezen en de zoektocht naar steun om daarna verder te gaan. Een boek van hoop en houvast bij tegenslag.<br><em>2005 \u2013 175 pagina\u2019s<\/em><\/p>\n\n\n\n<hr class=\"wp-block-separator has-alpha-channel-opacity is-style-wide\"\/>\n\n\n\n<figure class=\"wp-block-image alignright size-large is-resized\"><a href=\"https:\/\/munnickenveld.nl\/wp-content\/uploads\/2024\/08\/jv_helpmilj2.jpg\"><img loading=\"lazy\" decoding=\"async\" width=\"638\" height=\"1024\" src=\"https:\/\/munnickenveld.nl\/wp-content\/uploads\/2024\/08\/jv_helpmilj2-638x1024.jpg\" alt=\"\" class=\"wp-image-1317\" style=\"width:200px\" srcset=\"https:\/\/munnickenveld.nl\/wp-content\/uploads\/2024\/08\/jv_helpmilj2-638x1024.jpg 638w, https:\/\/munnickenveld.nl\/wp-content\/uploads\/2024\/08\/jv_helpmilj2-187x300.jpg 187w, https:\/\/munnickenveld.nl\/wp-content\/uploads\/2024\/08\/jv_helpmilj2.jpg 654w\" sizes=\"auto, (max-width: 638px) 100vw, 638px\" \/><\/a><\/figure>\n\n\n\n<p><strong>Help, ik word miljonair !<\/strong><br>is er leven na de hoofdprijs?<br>De verhalen in Help, ik wordt miljonair! Zijn openhartig en echt. Een echtpaar dat na de prijs jarenlang twee gebakjes per dag at (want nu kunnen we het betalen) en een man die zijn huwelijk ook met de miljoenenprijs niet kon redden; een oude vrijgezel die het maar het makkelijkste vond om al het geld gewoon weg te geven. Naast de portretten van hoofdprijswinnaars biedt het boek ook een kijkje achter de schermen van de postcodeloterij. Hoe werkt het daar, en hoe worden winnaars begeleid? Zo staan er in het boek ook tips voor miljonairs.<\/p>\n\n\n\n<p>Leen geen geld uit.<br>Blijf werken<br>Maak een testament<br>Hou vast aan je oude patronen en gewoontes,enzovoort.<br><em>2003 \u2013 167 pagina\u2019s<\/em><\/p>\n\n\n\n<hr class=\"wp-block-separator has-alpha-channel-opacity is-style-wide\"\/>\n\n\n\n<figure class=\"wp-block-image alignright size-full is-resized\"><a href=\"https:\/\/munnickenveld.nl\/wp-content\/uploads\/2024\/08\/jv_hennie2.jpg\"><img loading=\"lazy\" decoding=\"async\" width=\"702\" height=\"1050\" src=\"https:\/\/munnickenveld.nl\/wp-content\/uploads\/2024\/08\/jv_hennie2.jpg\" alt=\"\" class=\"wp-image-1336\" style=\"width:200px\" srcset=\"https:\/\/munnickenveld.nl\/wp-content\/uploads\/2024\/08\/jv_hennie2.jpg 702w, https:\/\/munnickenveld.nl\/wp-content\/uploads\/2024\/08\/jv_hennie2-201x300.jpg 201w, https:\/\/munnickenveld.nl\/wp-content\/uploads\/2024\/08\/jv_hennie2-685x1024.jpg 685w\" sizes=\"auto, (max-width: 702px) 100vw, 702px\" \/><\/a><\/figure>\n\n\n\n<p><strong>Henny Huisman<\/strong><br><em>Zappen met mezelf<\/em><br>Kijkcijfercanon, zo noemen ze hem in televisieland. Een eretitel, omdat Henny Huisman al twintig jaar het grote tv-publiek aan zich weet te binden.<br>Maar de presentator van de Soundmixshow, de playbackshow en de Surpriseshow spreekt niet alleen op de buis tot de verbeelding. Ook als verteller weet hij te boeien.<br>In &#8216;Henny Huisman, zappen met mezelf&#8217; brengt de inwoner van het Noord-Hollandse Bakkum persoonlijk getinte verhalen over zijn leven voor en achter het scherm. Het zijn vooral humoristische herinneringen aan geslaagde en minder geslaagde uitzendingen, maar ook over zijn eerste optreden in de zaal van De Volksbond in Zaandam anno 1962.<br>Jan Vriend is verslaggever bij het Noordhollands Dagblad.<br><em>2002 \u2013 160 pagina\u2019s<\/em><\/p>\n","protected":false},"excerpt":{"rendered":"<p>Jan Vriend is als verslaggever verbonden aan de weekendbijlagen van het&nbsp;Haarlems Dagblad, het Noordhollands Dagblad, het Leidsch Dagblad en de Gooi-en Eemlander.&nbsp;Hij maakte indringende reportages over de legionellaramp in Bovenkarspel en de nieuwjaarsbrand in Volendam en&nbsp;deed vanuit New York&nbsp;verslag&nbsp;over de &hellip; <a href=\"https:\/\/munnickenveld.nl\/index.php\/49-2\/\">Lees verder <span class=\"meta-nav\">&rarr;<\/span><\/a><\/p>\n","protected":false},"author":1,"featured_media":1393,"parent":0,"menu_order":0,"comment_status":"closed","ping_status":"closed","template":"","meta":{"_seopress_robots_primary_cat":"","_seopress_titles_title":"","_seopress_titles_desc":"","_seopress_robots_index":"","footnotes":""},"class_list":["post-49","page","type-page","status-publish","has-post-thumbnail","hentry"],"_links":{"self":[{"href":"https:\/\/munnickenveld.nl\/index.php\/wp-json\/wp\/v2\/pages\/49","targetHints":{"allow":["GET"]}}],"collection":[{"href":"https:\/\/munnickenveld.nl\/index.php\/wp-json\/wp\/v2\/pages"}],"about":[{"href":"https:\/\/munnickenveld.nl\/index.php\/wp-json\/wp\/v2\/types\/page"}],"author":[{"embeddable":true,"href":"https:\/\/munnickenveld.nl\/index.php\/wp-json\/wp\/v2\/users\/1"}],"replies":[{"embeddable":true,"href":"https:\/\/munnickenveld.nl\/index.php\/wp-json\/wp\/v2\/comments?post=49"}],"version-history":[{"count":114,"href":"https:\/\/munnickenveld.nl\/index.php\/wp-json\/wp\/v2\/pages\/49\/revisions"}],"predecessor-version":[{"id":1628,"href":"https:\/\/munnickenveld.nl\/index.php\/wp-json\/wp\/v2\/pages\/49\/revisions\/1628"}],"wp:featuredmedia":[{"embeddable":true,"href":"https:\/\/munnickenveld.nl\/index.php\/wp-json\/wp\/v2\/media\/1393"}],"wp:attachment":[{"href":"https:\/\/munnickenveld.nl\/index.php\/wp-json\/wp\/v2\/media?parent=49"}],"curies":[{"name":"wp","href":"https:\/\/api.w.org\/{rel}","templated":true}]}}